{"id":148,"date":"2022-10-05T18:38:10","date_gmt":"2022-10-05T16:38:10","guid":{"rendered":"https:\/\/vinylab.es\/?page_id=148"},"modified":"2024-07-16T10:12:22","modified_gmt":"2024-07-16T08:12:22","slug":"contacto","status":"publish","type":"page","link":"https:\/\/vinylab.es\/index.php\/contacto\/","title":{"rendered":"Contacto"},"content":{"rendered":"\n<div class=\"wp-block-cover alignfull\" style=\"min-height:300px;aspect-ratio:unset;\"><span aria-hidden=\"true\" class=\"wp-block-cover__background has-background-dim-100 has-background-dim\" style=\"background-color:#283570\"><\/span><div class=\"wp-block-cover__inner-container is-layout-flow wp-block-cover-is-layout-flow\">\n<h2 class=\"wp-block-heading has-large-font-size\" style=\"font-style:normal;font-weight:400\">Descubre c\u00f3mo podemos llevar tus ideas a la vida y dejar una impresi\u00f3n duradera. <br><br>Cont\u00e1ctanos hoy mismo y d\u00e9janos mostrar por qu\u00e9 somos tu mejor opci\u00f3n en dise\u00f1o gr\u00e1fico y rotulaci\u00f3n.<\/h2>\n\n\n<div class=\"wp-block-image\">\n<figure class=\"aligncenter size-large is-resized\"><img loading=\"lazy\" decoding=\"async\" width=\"1024\" height=\"327\" src=\"https:\/\/vinylab.es\/wp-content\/uploads\/2022\/10\/LOGO_VINYLAB_20K-1024x327.png\" alt=\"\" class=\"wp-image-219\" style=\"width:419px;height:133px\"\/><\/figure><\/div>\n\n\n<h1 class=\"wp-block-heading has-text-align-center has-white-color has-text-color\" style=\"font-size:40px;font-style:normal;font-weight:600\">Tel: 626 781 690<br><br><a href=\"mailto:info@vinylab.es\">info@vinylab.es<\/a><\/h1>\n<\/div><\/div>\n\n\n\t\t<div id=\"wpmapblock_16c0bf73\" data-settings='{&quot;map_marker&quot;:[{&quot;lat&quot;:&quot;40.32834540509&quot;,&quot;lng&quot;:&quot;-3.8658489729278&quot;,&quot;title&quot;:&quot;Vinylab Estudio Gr\\u00e1fico&quot;,&quot;content&quot;:&quot;Estudio dedicado al dise\\u00f1o gr\\u00e1fico y a la producci\\u00f3n e instalaci\\u00f3n de material gr\\u00e1fico para la decoraci\\u00f3n y rotulaci\\u00f3n de negocios, escaparates, veh\\u00edculos, textil, etc. \\n&quot;,&quot;iconType&quot;:&quot;custom&quot;,&quot;customIconUrl&quot;:&quot;https:\\\/\\\/vinylab.es\\\/wp-content\\\/uploads\\\/2022\\\/10\\\/LOGO-V-VINYLAB-512.png&quot;,&quot;customIconWidth&quot;:&quot;45&quot;,&quot;customIconHeight&quot;:&quot;45&quot;}],&quot;map_zoom&quot;:&quot;16&quot;,&quot;scroll_wheel_zoom&quot;:false,&quot;map_type&quot;:&quot;GM&quot;,&quot;center_index&quot;:0}' class=\"wpmapblockrender\" style=\"\n\t\t\twidth: 100%;\n\t\t\theight: 483px;\n\t\t\"><\/div>\n        \n\n\n<div class=\"wp-block-cover alignfull\" style=\"min-height:394px;aspect-ratio:unset;\"><span aria-hidden=\"true\" class=\"wp-block-cover__background has-background-dim-100 has-background-dim\" style=\"background-color:#283570\"><\/span><div class=\"wp-block-cover__inner-container is-layout-flow wp-block-cover-is-layout-flow\">\n<h2 class=\"wp-block-heading has-text-align-center has-larger-font-size\" style=\"font-style:normal;font-weight:300\"><strong>Estamos en M\u00f3stoles (Madrid)<\/strong><br><em>(RENFE &#8211; M\u00f3stoles Central)<\/em><\/h2>\n\n\n\n<h2 class=\"wp-block-heading has-text-align-center has-normal-font-size\" style=\"font-style:normal;font-weight:300\">Calle Parque Vosa, 10. Local 8.<br>CP 28933<\/h2>\n\n\n\n<div style=\"height:59px\" aria-hidden=\"true\" class=\"wp-block-spacer\"><\/div>\n<\/div><\/div>\n","protected":false},"excerpt":{"rendered":"","protected":false},"author":1,"featured_media":668,"parent":0,"menu_order":0,"comment_status":"closed","ping_status":"closed","template":"","meta":{"_et_pb_use_builder":"","_et_pb_old_content":"","_et_gb_content_width":"","_vp_format_video_url":"","_vp_image_focal_point":[],"footnotes":""},"yoast_head":"<!-- This site is optimized with the Yoast SEO plugin v23.0 - https:\/\/yoast.com\/wordpress\/plugins\/seo\/ -->\n<title>VINYLAB - Contacto<\/title>\n<meta name=\"description\" content=\"\u00bfNecesitas instalar vinilos, personalizar camisetas, rotular veh\u00edculos o que te ayudemos con el dise\u00f1o de tu marca? Somos tu estudio de dise\u00f1o gr\u00e1fico en M\u00f3stoles\" \/>\n<meta name=\"robots\" content=\"index, follow, max-snippet:-1, max-image-preview:large, max-video-preview:-1\" \/>\n<link rel=\"canonical\" href=\"https:\/\/vinylab.es\/index.php\/contacto\/\" \/>\n<meta property=\"og:locale\" content=\"es_ES\" \/>\n<meta property=\"og:type\" content=\"article\" \/>\n<meta property=\"og:title\" content=\"VINYLAB - Contacto\" \/>\n<meta property=\"og:description\" content=\"\u00bfNecesitas instalar vinilos, personalizar camisetas, rotular veh\u00edculos o que te ayudemos con el dise\u00f1o de tu marca? Somos tu estudio de dise\u00f1o gr\u00e1fico en M\u00f3stoles\" \/>\n<meta property=\"og:url\" content=\"https:\/\/vinylab.es\/index.php\/contacto\/\" \/>\n<meta property=\"og:site_name\" content=\"VINYLAB\" \/>\n<meta property=\"article:publisher\" content=\"https:\/\/www.facebook.com\/profile.php?id=100078832598328\" \/>\n<meta property=\"article:modified_time\" content=\"2024-07-16T08:12:22+00:00\" \/>\n<meta property=\"og:image\" content=\"https:\/\/vinylab.es\/wp-content\/uploads\/2022\/12\/LOGO_VINYLAB_BB.png\" \/>\n\t<meta property=\"og:image:width\" content=\"1323\" \/>\n\t<meta property=\"og:image:height\" content=\"1323\" \/>\n\t<meta property=\"og:image:type\" content=\"image\/png\" \/>\n<meta name=\"twitter:card\" content=\"summary_large_image\" \/>\n<meta name=\"twitter:label1\" content=\"Tiempo de lectura\" \/>\n\t<meta name=\"twitter:data1\" content=\"1 minuto\" \/>\n<script type=\"application\/ld+json\" class=\"yoast-schema-graph\">{\"@context\":\"https:\/\/schema.org\",\"@graph\":[{\"@type\":\"WebPage\",\"@id\":\"https:\/\/vinylab.es\/index.php\/contacto\/\",\"url\":\"https:\/\/vinylab.es\/index.php\/contacto\/\",\"name\":\"VINYLAB - Contacto\",\"isPartOf\":{\"@id\":\"https:\/\/vinylab.es\/#website\"},\"primaryImageOfPage\":{\"@id\":\"https:\/\/vinylab.es\/index.php\/contacto\/#primaryimage\"},\"image\":{\"@id\":\"https:\/\/vinylab.es\/index.php\/contacto\/#primaryimage\"},\"thumbnailUrl\":\"https:\/\/vinylab.es\/wp-content\/uploads\/2022\/12\/LOGO_VINYLAB_BB.png\",\"datePublished\":\"2022-10-05T16:38:10+00:00\",\"dateModified\":\"2024-07-16T08:12:22+00:00\",\"description\":\"\u00bfNecesitas instalar vinilos, personalizar camisetas, rotular veh\u00edculos o que te ayudemos con el dise\u00f1o de tu marca? Somos tu estudio de dise\u00f1o gr\u00e1fico en M\u00f3stoles\",\"breadcrumb\":{\"@id\":\"https:\/\/vinylab.es\/index.php\/contacto\/#breadcrumb\"},\"inLanguage\":\"es\",\"potentialAction\":[{\"@type\":\"ReadAction\",\"target\":[\"https:\/\/vinylab.es\/index.php\/contacto\/\"]}]},{\"@type\":\"ImageObject\",\"inLanguage\":\"es\",\"@id\":\"https:\/\/vinylab.es\/index.php\/contacto\/#primaryimage\",\"url\":\"https:\/\/vinylab.es\/wp-content\/uploads\/2022\/12\/LOGO_VINYLAB_BB.png\",\"contentUrl\":\"https:\/\/vinylab.es\/wp-content\/uploads\/2022\/12\/LOGO_VINYLAB_BB.png\",\"width\":1323,\"height\":1323,\"caption\":\"Vinilos y dise\u00f1o gr\u00e1fico en M\u00f3stoles\"},{\"@type\":\"BreadcrumbList\",\"@id\":\"https:\/\/vinylab.es\/index.php\/contacto\/#breadcrumb\",\"itemListElement\":[{\"@type\":\"ListItem\",\"position\":1,\"name\":\"Portada\",\"item\":\"https:\/\/vinylab.es\/\"},{\"@type\":\"ListItem\",\"position\":2,\"name\":\"Contacto\"}]},{\"@type\":\"WebSite\",\"@id\":\"https:\/\/vinylab.es\/#website\",\"url\":\"https:\/\/vinylab.es\/\",\"name\":\"VINYLAB\",\"description\":\"VINYLAB | Rotulaci\u00f3n y decoraci\u00f3n con vinilo\",\"publisher\":{\"@id\":\"https:\/\/vinylab.es\/#organization\"},\"potentialAction\":[{\"@type\":\"SearchAction\",\"target\":{\"@type\":\"EntryPoint\",\"urlTemplate\":\"https:\/\/vinylab.es\/?s={search_term_string}\"},\"query-input\":\"required name=search_term_string\"}],\"inLanguage\":\"es\"},{\"@type\":\"Organization\",\"@id\":\"https:\/\/vinylab.es\/#organization\",\"name\":\"VINYLAB\",\"url\":\"https:\/\/vinylab.es\/\",\"logo\":{\"@type\":\"ImageObject\",\"inLanguage\":\"es\",\"@id\":\"https:\/\/vinylab.es\/#\/schema\/logo\/image\/\",\"url\":\"https:\/\/vinylab.es\/wp-content\/uploads\/2022\/10\/LOGO-V-VINYLAB-512.png\",\"contentUrl\":\"https:\/\/vinylab.es\/wp-content\/uploads\/2022\/10\/LOGO-V-VINYLAB-512.png\",\"width\":707,\"height\":707,\"caption\":\"VINYLAB\"},\"image\":{\"@id\":\"https:\/\/vinylab.es\/#\/schema\/logo\/image\/\"},\"sameAs\":[\"https:\/\/www.facebook.com\/profile.php?id=100078832598328\",\"https:\/\/www.instagram.com\/vinylab.estudio.grafico\/?hl=es\"]}]}<\/script>\n<!-- \/ Yoast SEO plugin. -->","yoast_head_json":{"title":"VINYLAB - Contacto","description":"\u00bfNecesitas instalar vinilos, personalizar camisetas, rotular veh\u00edculos o que te ayudemos con el dise\u00f1o de tu marca? Somos tu estudio de dise\u00f1o gr\u00e1fico en M\u00f3stoles","robots":{"index":"index","follow":"follow","max-snippet":"max-snippet:-1","max-image-preview":"max-image-preview:large","max-video-preview":"max-video-preview:-1"},"canonical":"https:\/\/vinylab.es\/index.php\/contacto\/","og_locale":"es_ES","og_type":"article","og_title":"VINYLAB - Contacto","og_description":"\u00bfNecesitas instalar vinilos, personalizar camisetas, rotular veh\u00edculos o que te ayudemos con el dise\u00f1o de tu marca? Somos tu estudio de dise\u00f1o gr\u00e1fico en M\u00f3stoles","og_url":"https:\/\/vinylab.es\/index.php\/contacto\/","og_site_name":"VINYLAB","article_publisher":"https:\/\/www.facebook.com\/profile.php?id=100078832598328","article_modified_time":"2024-07-16T08:12:22+00:00","og_image":[{"width":1323,"height":1323,"url":"https:\/\/vinylab.es\/wp-content\/uploads\/2022\/12\/LOGO_VINYLAB_BB.png","type":"image\/png"}],"twitter_card":"summary_large_image","twitter_misc":{"Tiempo de lectura":"1 minuto"},"schema":{"@context":"https:\/\/schema.org","@graph":[{"@type":"WebPage","@id":"https:\/\/vinylab.es\/index.php\/contacto\/","url":"https:\/\/vinylab.es\/index.php\/contacto\/","name":"VINYLAB - Contacto","isPartOf":{"@id":"https:\/\/vinylab.es\/#website"},"primaryImageOfPage":{"@id":"https:\/\/vinylab.es\/index.php\/contacto\/#primaryimage"},"image":{"@id":"https:\/\/vinylab.es\/index.php\/contacto\/#primaryimage"},"thumbnailUrl":"https:\/\/vinylab.es\/wp-content\/uploads\/2022\/12\/LOGO_VINYLAB_BB.png","datePublished":"2022-10-05T16:38:10+00:00","dateModified":"2024-07-16T08:12:22+00:00","description":"\u00bfNecesitas instalar vinilos, personalizar camisetas, rotular veh\u00edculos o que te ayudemos con el dise\u00f1o de tu marca? Somos tu estudio de dise\u00f1o gr\u00e1fico en M\u00f3stoles","breadcrumb":{"@id":"https:\/\/vinylab.es\/index.php\/contacto\/#breadcrumb"},"inLanguage":"es","potentialAction":[{"@type":"ReadAction","target":["https:\/\/vinylab.es\/index.php\/contacto\/"]}]},{"@type":"ImageObject","inLanguage":"es","@id":"https:\/\/vinylab.es\/index.php\/contacto\/#primaryimage","url":"https:\/\/vinylab.es\/wp-content\/uploads\/2022\/12\/LOGO_VINYLAB_BB.png","contentUrl":"https:\/\/vinylab.es\/wp-content\/uploads\/2022\/12\/LOGO_VINYLAB_BB.png","width":1323,"height":1323,"caption":"Vinilos y dise\u00f1o gr\u00e1fico en M\u00f3stoles"},{"@type":"BreadcrumbList","@id":"https:\/\/vinylab.es\/index.php\/contacto\/#breadcrumb","itemListElement":[{"@type":"ListItem","position":1,"name":"Portada","item":"https:\/\/vinylab.es\/"},{"@type":"ListItem","position":2,"name":"Contacto"}]},{"@type":"WebSite","@id":"https:\/\/vinylab.es\/#website","url":"https:\/\/vinylab.es\/","name":"VINYLAB","description":"VINYLAB | Rotulaci\u00f3n y decoraci\u00f3n con vinilo","publisher":{"@id":"https:\/\/vinylab.es\/#organization"},"potentialAction":[{"@type":"SearchAction","target":{"@type":"EntryPoint","urlTemplate":"https:\/\/vinylab.es\/?s={search_term_string}"},"query-input":"required name=search_term_string"}],"inLanguage":"es"},{"@type":"Organization","@id":"https:\/\/vinylab.es\/#organization","name":"VINYLAB","url":"https:\/\/vinylab.es\/","logo":{"@type":"ImageObject","inLanguage":"es","@id":"https:\/\/vinylab.es\/#\/schema\/logo\/image\/","url":"https:\/\/vinylab.es\/wp-content\/uploads\/2022\/10\/LOGO-V-VINYLAB-512.png","contentUrl":"https:\/\/vinylab.es\/wp-content\/uploads\/2022\/10\/LOGO-V-VINYLAB-512.png","width":707,"height":707,"caption":"VINYLAB"},"image":{"@id":"https:\/\/vinylab.es\/#\/schema\/logo\/image\/"},"sameAs":["https:\/\/www.facebook.com\/profile.php?id=100078832598328","https:\/\/www.instagram.com\/vinylab.estudio.grafico\/?hl=es"]}]}},"_links":{"self":[{"href":"https:\/\/vinylab.es\/index.php\/wp-json\/wp\/v2\/pages\/148"}],"collection":[{"href":"https:\/\/vinylab.es\/index.php\/wp-json\/wp\/v2\/pages"}],"about":[{"href":"https:\/\/vinylab.es\/index.php\/wp-json\/wp\/v2\/types\/page"}],"author":[{"embeddable":true,"href":"https:\/\/vinylab.es\/index.php\/wp-json\/wp\/v2\/users\/1"}],"replies":[{"embeddable":true,"href":"https:\/\/vinylab.es\/index.php\/wp-json\/wp\/v2\/comments?post=148"}],"version-history":[{"count":59,"href":"https:\/\/vinylab.es\/index.php\/wp-json\/wp\/v2\/pages\/148\/revisions"}],"predecessor-version":[{"id":897,"href":"https:\/\/vinylab.es\/index.php\/wp-json\/wp\/v2\/pages\/148\/revisions\/897"}],"wp:featuredmedia":[{"embeddable":true,"href":"https:\/\/vinylab.es\/index.php\/wp-json\/wp\/v2\/media\/668"}],"wp:attachment":[{"href":"https:\/\/vinylab.es\/index.php\/wp-json\/wp\/v2\/media?parent=148"}],"curies":[{"name":"wp","href":"https:\/\/api.w.org\/{rel}","templated":true}]}}